{"id":47,"date":"2016-11-09T10:34:40","date_gmt":"2016-11-09T09:34:40","guid":{"rendered":"http:\/\/www.peakshunter.com\/?page_id=47"},"modified":"2025-06-04T12:01:01","modified_gmt":"2025-06-04T10:01:01","slug":"chi-siamo","status":"publish","type":"page","link":"https:\/\/www.peakshunter.com\/it\/chi-siamo\/","title":{"rendered":"Peakshunter"},"content":{"rendered":"<div class=\"col-xs-12 mb40\">\n<p>Peakshunter Mountain Guides offre l&#8217;assistenza di Guide Alpine esperte e qualificate per attivit\u00e0 outdoor e in quota. Professionisti con esperienza pluriennale uniti da una forte passione per la montagna in ogni disciplina, stagione e latitudine. Vogliamo trasmettere questa passione a tutti coloro che si affidano alla nostra squadra per vivere avventure indimenticabili in totale sicurezza. Siamo sempre pronti a partire e a metterci alla prova con nuove sfide!<\/p>\n<h2><strong>PERCH\u00c8 SCEGLIERE NOI?<\/strong><\/h2>\n<\/div>\n<p><span class=\"giorno2\">#?\ufe0f\u00a0 \u00a0<\/span><strong>AMIAMO LE AVVENTURE<br \/><\/strong>Siamo appassionati di Natura e di Esplorazione: ci piace scoprire l&#8217;essenza dei luoghi e degli spazi aperti. Come Guide Alpine siamo a tua disposizione per guidarti alla scoperta della mondo della montagna, per farti vivere entusiasmanti avventure in alta quota. Grazie alla nostra esperienza siamo in grado di valutare ogni situazione e di prendere le decisioni migliori per garantire la tua sicurezza e tranquillit\u00e0, aiutandoti ad imparare migliorando. Il nostro impegno di professionisti potr\u00e0 aiutarti a vincere anche le sfide pi\u00f9 difficili, realizzando i tuoi sogni di vetta o accompagnandoti nei tuoi viaggi!<\/p>\n<p><span class=\"giorno2\">#? <\/span><strong>OFFRIAMO PROFESSIONALITA&#8217; A 360\u00b0<br \/><\/strong>Siamo Guide Alpine con certificazione professionale a livello internazionale (<a href=\"http:\/\/www.ivbv.info\/it\/home.html\" target=\"_blank\" rel=\"noopener noreferrer\">UIAGM<\/a>) e collaboriamo con agenzie qualificate. Abbiamo un livello elevato di preparazione tecnica e siamo sempre aggiornati in tutte le discipline, per assicurarti massima competenza e alta qualit\u00e0 delle prestazioni. Mettiamo a disposizione servizi accessori utili alle tue escursioni e possiamo fornirti supporto operativo per rendere migliore la tua esperienza. Rendi indimenticabili i ricordi delle tue escursioni con foto e video personalizzati: su richiesta, ti diamo assistenza con professionisti del settore.<\/p>\n<p><strong><span class=\"giorno2\">#? \u00a0<\/span><\/strong><strong>GARANTIAMO ESPERIENZE SU MISURA<br \/><\/strong>Nel nostro sito puoi trovare proposte relative alle diverse discipline outdoor, in montagna ma non solo! Programmi diversificati in base a difficolt\u00e0 fisica e tecnica, per soddisfare tutte le esigenze (principianti, alpinisti esperti, singoli appassionati, gruppi o famiglie). Hai un sogno nel cassetto? Contattaci e ti aiuteremo a realizzarlo a tua misura, proponendoti l&#8217;itinerario pi\u00f9 adatto al tuo livello di preparazione o allenamento. Con noi ogni esperienza \u00e8 unica: amiamo far scoprire tradizioni e prodotti tipici dei luoghi esplorati insieme e celebrare con convivialit\u00e0 gli obiettivi raggiunti.<\/p>\n<div class=\"pt40\" style=\"clear: both; text-align: left;\">\u00a0<\/div>\n\n\n<p><\/p>\n","protected":false},"excerpt":{"rendered":"<p>Peakshunter Mountain Guides offre l&#8217;assistenza di Guide Alpine esperte e qualificate per attivit\u00e0 outdoor e in quota. Professionisti con esperienza pluriennale uniti da una forte passione per la montagna in ogni disciplina, stagione e latitudine. Vogliamo trasmettere questa passione a tutti coloro che si affidano alla nostra squadra per vivere avventure indimenticabili in totale sicurezza. [&hellip;]<\/p>\n","protected":false},"author":1,"featured_media":985,"parent":0,"menu_order":0,"comment_status":"closed","ping_status":"closed","template":"page-peakshunter.php","meta":{"_acf_changed":false,"footnotes":""},"class_list":["post-47","page","type-page","status-publish","has-post-thumbnail","hentry"],"acf":[],"_links":{"self":[{"href":"https:\/\/www.peakshunter.com\/it\/wp-json\/wp\/v2\/pages\/47","targetHints":{"allow":["GET"]}}],"collection":[{"href":"https:\/\/www.peakshunter.com\/it\/wp-json\/wp\/v2\/pages"}],"about":[{"href":"https:\/\/www.peakshunter.com\/it\/wp-json\/wp\/v2\/types\/page"}],"author":[{"embeddable":true,"href":"https:\/\/www.peakshunter.com\/it\/wp-json\/wp\/v2\/users\/1"}],"replies":[{"embeddable":true,"href":"https:\/\/www.peakshunter.com\/it\/wp-json\/wp\/v2\/comments?post=47"}],"version-history":[{"count":58,"href":"https:\/\/www.peakshunter.com\/it\/wp-json\/wp\/v2\/pages\/47\/revisions"}],"predecessor-version":[{"id":8895,"href":"https:\/\/www.peakshunter.com\/it\/wp-json\/wp\/v2\/pages\/47\/revisions\/8895"}],"wp:featuredmedia":[{"embeddable":true,"href":"https:\/\/www.peakshunter.com\/it\/wp-json\/wp\/v2\/media\/985"}],"wp:attachment":[{"href":"https:\/\/www.peakshunter.com\/it\/wp-json\/wp\/v2\/media?parent=47"}],"curies":[{"name":"wp","href":"https:\/\/api.w.org\/{rel}","templated":true}]}}