{"id":233,"date":"2016-11-15T17:03:31","date_gmt":"2016-11-15T16:03:31","guid":{"rendered":"http:\/\/www.peakshunter.com\/?page_id=233"},"modified":"2017-10-26T12:19:05","modified_gmt":"2017-10-26T10:19:05","slug":"abbigliamento-montagna-consigli-utili","status":"publish","type":"page","link":"https:\/\/www.peakshunter.com\/it\/abbigliamento-montagna-consigli-utili\/","title":{"rendered":"Consigli per l&#8217;abbigliamento"},"content":{"rendered":"<div class=\"col-xs-12\">\n\u00c8 importante ricordare che la funzione dell&#8217;abbigliamento non \u00e8 quella di generare calore, ma di mantenerlo, formando uno strato isolante che protegge il corpo dalle condizioni esterne.<\/p>\n<h2 class=\"ttu\"><strong>Abbigliamento &#8220;a cipolla&#8221;<\/strong><\/h2>\n<p>Il migliore consiglio per isolarsi dal freddo in montagna \u00e8 usare il famoso sistema degli strati o vestirsi &#8220;a cipolla&#8221;. \u00c8 meglio utilizzare strati di tessuti differenti che offrano le seguenti prestazioni:<\/p>\n<ul>\n<li><strong>traspirabilit\u00e0<\/strong>, per espellere all&#8217;esterno l&#8217;umidit\u00e0 che si produce attraverso la sudorazione;<\/li>\n<li><strong>isolamento<\/strong>, per mantenere l&#8217;aria calda che il nostro corpo genera;<\/li>\n<li><strong>impermeabilit\u00e0<\/strong>, per impedire il passaggio del vento e dell&#8217;aria fredda, oltre a quello dell&#8217;acqua che potrebbe bagnare gli strati sottostanti.<\/li>\n<\/ul>\n<h2 class=\"ttu\"><strong>A ogni strato la sua funzione<\/strong><\/h2>\n<p>Diversi strati di tessuto sovrapposti mantengono il calore meglio di un singolo strato, anche se pi\u00f9 voluminoso, perch\u00e9 migliorano l&#8217;isolamento. Inoltre,\u00a0eliminare uno o pi\u00f9 strati alla volta aiuta a controllare meglio la temperatura. Ma vediamo in dettaglio qual \u00e8 l&#8217;abbigliamento ideale per la montagna:<\/p>\n<ul>\n<li><strong>Primo strato<\/strong>: \u00e8 lo strato a contatto con la pelle (intimo); mantiene il corpo asciutto e riscaldato, controllando gli effetti negativi della sudorazione. Pu\u00f2 essere in tessuto sintetico o lana merinos.<\/li>\n<li><strong>Secondo strato<\/strong>: si usa sopra la biancheria intima e serve a trattenere il calore a contatto con il copro. Pu\u00f2 essere in tessuto leggero, tipo Polartec\u00ae.<\/li>\n<li><strong>Terzo strato<\/strong>: \u00e8 quello isolante, per questo \u00e8 bene utilizzare capi di buona di buona qualit\u00e0 realizzati con materiali leggeri (tipo Primaloft o similari). La presenza del cappuccio pu\u00f2 essere utile. Nei pantaloni, la chiusura lampo lungo i fianchi \u00e8 utile perch\u00e9 permette una buona ventilazione e rende pi\u00f9 facile vestirsi, meglio se il materiale \u00e8 idrorepellente (tipo in shoeller).<\/li>\n<li><strong>Quarto strato<\/strong>: il cosiddetto \u201cguscio\u201d, generalmente in Gore-tex o similare. Nei copri-pantaloni deve avere le stesse caratteristiche di impermeabilit\u00e0 e leggerezza, preferibilmente con chiusura lampo lungo i fianchi.<\/li>\n<\/ul>\n<h2 class=\"ttu\"><strong>Proteggere le estremit\u00e0<\/strong><\/h2>\n<p>Le estremit\u00e0 (mani, testa e piedi) sono quelle pi\u00f9 esposte al freddo e di conseguenza al rischio di congelamento, per questo bisogna proteggerle con maggiore cura e attenzione.<br \/>\nLa testa pu\u00f2 disperdere fino al 30% del calore corporeo, quindi \u00e8 assolutamente necessario indossare indumenti che riducono questa dispersione.<br \/>\nIn alta quota, \u00e8 indispensabile avere sempre a disposizione un paio di guanti tipo moffola (senza dita) che creano all&#8217;interno una camera d&#8217;aria che trattiene il calore. In alternativa si possono usare  guanti con doppio strato.<br \/>\nPer tutte le operazioni che richiedono una certa manualit\u00e0 \u00e8 utile avere a disposizione dei guanti in pile pi\u00f9 leggeri di riserva, preferibilmente impermeabili.<\/p>\n<\/div>\n","protected":false},"excerpt":{"rendered":"<p>\u00c8 importante ricordare che la funzione dell&#8217;abbigliamento non \u00e8 quella di generare calore, ma di mantenerlo, formando uno strato isolante che protegge il corpo dalle condizioni esterne. Abbigliamento &#8220;a cipolla&#8221; Il migliore consiglio per isolarsi dal freddo in montagna \u00e8 usare il famoso sistema degli strati o vestirsi &#8220;a cipolla&#8221;. \u00c8 meglio utilizzare strati di [&hellip;]<\/p>\n","protected":false},"author":1,"featured_media":1852,"parent":0,"menu_order":0,"comment_status":"closed","ping_status":"closed","template":"page-text.php","meta":{"_acf_changed":false,"footnotes":""},"class_list":["post-233","page","type-page","status-publish","has-post-thumbnail","hentry"],"acf":[],"_links":{"self":[{"href":"https:\/\/www.peakshunter.com\/it\/wp-json\/wp\/v2\/pages\/233","targetHints":{"allow":["GET"]}}],"collection":[{"href":"https:\/\/www.peakshunter.com\/it\/wp-json\/wp\/v2\/pages"}],"about":[{"href":"https:\/\/www.peakshunter.com\/it\/wp-json\/wp\/v2\/types\/page"}],"author":[{"embeddable":true,"href":"https:\/\/www.peakshunter.com\/it\/wp-json\/wp\/v2\/users\/1"}],"replies":[{"embeddable":true,"href":"https:\/\/www.peakshunter.com\/it\/wp-json\/wp\/v2\/comments?post=233"}],"version-history":[{"count":3,"href":"https:\/\/www.peakshunter.com\/it\/wp-json\/wp\/v2\/pages\/233\/revisions"}],"predecessor-version":[{"id":1879,"href":"https:\/\/www.peakshunter.com\/it\/wp-json\/wp\/v2\/pages\/233\/revisions\/1879"}],"wp:featuredmedia":[{"embeddable":true,"href":"https:\/\/www.peakshunter.com\/it\/wp-json\/wp\/v2\/media\/1852"}],"wp:attachment":[{"href":"https:\/\/www.peakshunter.com\/it\/wp-json\/wp\/v2\/media?parent=233"}],"curies":[{"name":"wp","href":"https:\/\/api.w.org\/{rel}","templated":true}]}}